{"id":834,"date":"2021-10-29T16:27:06","date_gmt":"2021-10-29T16:27:06","guid":{"rendered":"http:\/\/localhost\/?page_id=834"},"modified":"2021-11-30T10:05:44","modified_gmt":"2021-11-30T10:05:44","slug":"termos-de-servico","status":"publish","type":"page","link":"https:\/\/surf4-you.com\/en\/termos-de-servico\/","title":{"rendered":"Service Terms"},"content":{"rendered":"<div data-elementor-type=\"wp-page\" data-elementor-id=\"834\" class=\"elementor elementor-834\">\n\t\t\t\t\t\t<section class=\"elementor-section elementor-top-section elementor-element elementor-element-6fca257c elementor-section-height-min-height elementor-hidden-desktop elementor-hidden-tablet elementor-hidden-mobile elementor-section-boxed elementor-section-height-default elementor-section-items-middle\" data-id=\"6fca257c\" data-element_type=\"section\">\n\t\t\t\t\t\t<div class=\"elementor-container elementor-column-gap-default\">\n\t\t\t\t\t<div class=\"elementor-column elementor-col-100 elementor-top-column elementor-element elementor-element-23d350ec\" data-id=\"23d350ec\" data-element_type=\"column\">\n\t\t\t<div class=\"elementor-widget-wrap elementor-element-populated\">\n\t\t\t\t\t\t<div class=\"elementor-element elementor-element-579d064e elementor-widget elementor-widget-menu-anchor\" data-id=\"579d064e\" data-element_type=\"widget\" data-widget_type=\"menu-anchor.default\">\n\t\t\t\t<div class=\"elementor-widget-container\">\n\t\t\t\t\t\t\t<div class=\"elementor-menu-anchor\" id=\"top-of-page\"><\/div>\n\t\t\t\t\t\t<\/div>\n\t\t\t\t<\/div>\n\t\t\t\t\t<\/div>\n\t\t<\/div>\n\t\t\t\t\t<\/div>\n\t\t<\/section>\n\t\t\t\t<section class=\"elementor-section elementor-top-section elementor-element elementor-element-764f8480 elementor-section-full_width animated-slow elementor-section-height-default elementor-section-height-default elementor-invisible\" data-id=\"764f8480\" data-element_type=\"section\" data-settings=\"{&quot;animation&quot;:&quot;fadeIn&quot;}\">\n\t\t\t\t\t\t<div class=\"elementor-container elementor-column-gap-default\">\n\t\t\t\t\t<div class=\"elementor-column elementor-col-100 elementor-top-column elementor-element elementor-element-7cce4fea\" data-id=\"7cce4fea\" data-element_type=\"column\">\n\t\t\t<div class=\"elementor-widget-wrap elementor-element-populated\">\n\t\t\t\t\t\t<div class=\"elementor-element elementor-element-6fa698ab elementor-widget elementor-widget-heading\" data-id=\"6fa698ab\" data-element_type=\"widget\" data-widget_type=\"heading.default\">\n\t\t\t\t<div class=\"elementor-widget-container\">\n\t\t\t\t\t<h2 class=\"elementor-heading-title elementor-size-default\">Service Terms<\/h2>\t\t\t\t<\/div>\n\t\t\t\t<\/div>\n\t\t\t\t<div class=\"elementor-element elementor-element-6fe10bd5 elementor-widget-divider--view-line elementor-widget elementor-widget-divider\" data-id=\"6fe10bd5\" data-element_type=\"widget\" data-widget_type=\"divider.default\">\n\t\t\t\t<div class=\"elementor-widget-container\">\n\t\t\t\t\t\t\t<div class=\"elementor-divider\">\n\t\t\t<span class=\"elementor-divider-separator\">\n\t\t\t\t\t\t<\/span>\n\t\t<\/div>\n\t\t\t\t\t\t<\/div>\n\t\t\t\t<\/div>\n\t\t\t\t<div class=\"elementor-element elementor-element-3b213449 elementor-widget elementor-widget-spacer\" data-id=\"3b213449\" data-element_type=\"widget\" data-widget_type=\"spacer.default\">\n\t\t\t\t<div class=\"elementor-widget-container\">\n\t\t\t\t\t\t\t<div class=\"elementor-spacer\">\n\t\t\t<div class=\"elementor-spacer-inner\"><\/div>\n\t\t<\/div>\n\t\t\t\t\t\t<\/div>\n\t\t\t\t<\/div>\n\t\t\t\t<section class=\"elementor-section elementor-inner-section elementor-element elementor-element-8539055 elementor-section-full_width elementor-section-height-default elementor-section-height-default\" data-id=\"8539055\" data-element_type=\"section\">\n\t\t\t\t\t\t<div class=\"elementor-container elementor-column-gap-default\">\n\t\t\t\t\t<div class=\"elementor-column elementor-col-100 elementor-inner-column elementor-element elementor-element-5a111f5\" data-id=\"5a111f5\" data-element_type=\"column\">\n\t\t\t<div class=\"elementor-widget-wrap elementor-element-populated\">\n\t\t\t\t\t\t<div class=\"elementor-element elementor-element-4a54fd07 elementor-widget elementor-widget-text-editor\" data-id=\"4a54fd07\" data-element_type=\"widget\" data-widget_type=\"text-editor.default\">\n\t\t\t\t<div class=\"elementor-widget-container\">\n\t\t\t\t\t<style>.elementor-element-4a54fd07{display:none !important}<\/style>\t\t\t\t<\/div>\n\t\t\t\t<\/div>\n\t\t\t\t<div class=\"elementor-element elementor-element-89df48d elementor-widget elementor-widget-text-editor\" data-id=\"89df48d\" data-element_type=\"widget\" data-widget_type=\"text-editor.default\">\n\t\t\t\t<div class=\"elementor-widget-container\">\n\t\t\t\t\t\t\t\t\t<p>1. Surf4 You \u2013 Surf Sessions<\/p><p>1.1 While using our equipment (wetsuit and surfboard) the client agrees to use it with care. Surf4 You assumes no liability for any injury, damage, death, damages, losses or costs incurred by the customer and\/or to third parties due to activities, error, negligence, offenses, misconduct, omissions, failures, false information or any illegal false information attributable to our company and you are not under the influence of alcohol, narcotic, drugs or any substance during the Surf session. We include a personal accident insurance in our surf sessions, unless considered a case of neglect or misconduct. In cases of neglect or misconduct the customer will be responsible for costs incurred in the repair or replacement of damaged equipment.<\/p><p>1.2 The following are considered cases of neglect or misconduct:<\/p><p>1.2.1 Use of soft boards outside the area defined by Surf4 You \u2013 Surf Coach.<\/p><p>1.2.2 Use of hard boards outside the area defined by Surf4 You \u2013 Surf Coach.<\/p><p>1.2.3 Assume the position of Surf Coach, jeopardizing his and their colleague\u2019s safety, during a surfing session.<\/p><p>1.2.4 Walk or sit on the surfboard when upside down (fins faced upward).<\/p><p>1.2.5 More than one person walking or sitting on the board simultaneously.<\/p><p>1.2.6 Dragging of surfboard or wetsuit.<\/p><p>1.2.7 Any damage caused to the equipment intentionally.<\/p><p>1.2.8 Failure to follow safety procedures and advice given by Surf4 You \u2013 Surf Coach.<\/p><p>1.3 Cancellations, Changes and Returns:<\/p><p>1.3.1 Cancellations and Changes:<br \/>In case of cancellation, the customer will receive a credit for use in booking services supplied by us in the amount of:<\/p><p>\u2013 100% refund if cancellation made 48 hours in advance of the scheduled start of service.<\/p><p>\u2013 50% refund if cancellation made 12 hours in advance of the scheduled start of service.<\/p><p>\u2013 0% if cancellation is not made 12 hours in advance of the scheduled start of service.<\/p><p>1.3.2 Returns: Under the conditions of subparagraph 1.3.1 the appropriate returns will be made in the form of credit. Returns are not made in other forms of payment.<\/p>\t\t\t\t\t\t\t\t<\/div>\n\t\t\t\t<\/div>\n\t\t\t\t<div class=\"elementor-element elementor-element-beca1d5 elementor-widget elementor-widget-spacer\" data-id=\"beca1d5\" data-element_type=\"widget\" data-widget_type=\"spacer.default\">\n\t\t\t\t<div class=\"elementor-widget-container\">\n\t\t\t\t\t\t\t<div class=\"elementor-spacer\">\n\t\t\t<div class=\"elementor-spacer-inner\"><\/div>\n\t\t<\/div>\n\t\t\t\t\t\t<\/div>\n\t\t\t\t<\/div>\n\t\t\t\t\t<\/div>\n\t\t<\/div>\n\t\t\t\t\t<\/div>\n\t\t<\/section>\n\t\t\t\t\t<\/div>\n\t\t<\/div>\n\t\t\t\t\t<\/div>\n\t\t<\/section>\n\t\t\t\t<\/div>","protected":false},"excerpt":{"rendered":"<p>Termos de Servi\u00e7o 1. Surf4 You \u2013 Sess\u00f5es de Surf 1.1. Enquanto estiver a utilizar o nosso equipamento (fato isot\u00e9rmico e prancha de surf), o cliente compromete-se a us\u00e1-lo com cuidado. A Surf4 You n\u00e3o assume qualquer responsabilidade por qualquer preju\u00edzo, dano, morte, danos, perdas ou despesas incorridas pelo cliente e\/ou a terceiros devido a [&hellip;]<\/p>","protected":false},"author":1,"featured_media":0,"parent":0,"menu_order":998,"comment_status":"closed","ping_status":"closed","template":"elementor_header_footer","meta":{"_monsterinsights_skip_tracking":false,"_monsterinsights_sitenote_active":false,"_monsterinsights_sitenote_note":"","_monsterinsights_sitenote_category":0,"footnotes":""},"class_list":["post-834","page","type-page","status-publish","hentry"],"yoast_head":"<!-- This site is optimized with the Yoast SEO plugin v27.4 - https:\/\/yoast.com\/product\/yoast-seo-wordpress\/ -->\r\n<title>Termos de Servi\u00e7o | Surf4 You<\/title>\r\n<meta name=\"robots\" content=\"noindex, follow\" \/>\r\n<meta property=\"og:locale\" content=\"en_GB\" \/>\r\n<meta property=\"og:type\" content=\"article\" \/>\r\n<meta property=\"og:title\" content=\"Termos de Servi\u00e7o | Surf4 You\" \/>\r\n<meta property=\"og:description\" content=\"Termos de Servi\u00e7o 1. Surf4 You \u2013 Sess\u00f5es de Surf 1.1. Enquanto estiver a utilizar o nosso equipamento (fato isot\u00e9rmico e prancha de surf), o cliente compromete-se a us\u00e1-lo com cuidado. A Surf4 You n\u00e3o assume qualquer responsabilidade por qualquer preju\u00edzo, dano, morte, danos, perdas ou despesas incorridas pelo cliente e\/ou a terceiros devido a [&hellip;]\" \/>\r\n<meta property=\"og:url\" content=\"https:\/\/surf4-you.com\/en\/termos-de-servico\/\" \/>\r\n<meta property=\"og:site_name\" content=\"Surf4 You\" \/>\r\n<meta property=\"article:modified_time\" content=\"2021-11-30T10:05:44+00:00\" \/>\r\n<meta property=\"og:image\" content=\"https:\/\/surf4-you.com\/wp-content\/uploads\/2021\/11\/surf4you-seo.png\" \/>\r\n\t<meta property=\"og:image:width\" content=\"1200\" \/>\r\n\t<meta property=\"og:image:height\" content=\"630\" \/>\r\n\t<meta property=\"og:image:type\" content=\"image\/png\" \/>\r\n<meta name=\"twitter:card\" content=\"summary_large_image\" \/>\r\n<meta name=\"twitter:label1\" content=\"Estimated reading time\" \/>\n\t<meta name=\"twitter:data1\" content=\"4 minutes\" \/>\r\n<script type=\"application\/ld+json\" class=\"yoast-schema-graph\">{\"@context\":\"https:\\\/\\\/schema.org\",\"@graph\":[{\"@type\":\"WebPage\",\"@id\":\"https:\\\/\\\/surf4-you.com\\\/en\\\/termos-de-servico\\\/\",\"url\":\"https:\\\/\\\/surf4-you.com\\\/en\\\/termos-de-servico\\\/\",\"name\":\"Termos de Servi\u00e7o | Surf4 You\",\"isPartOf\":{\"@id\":\"https:\\\/\\\/surf4-you.com\\\/en\\\/#website\"},\"datePublished\":\"2021-10-29T16:27:06+00:00\",\"dateModified\":\"2021-11-30T10:05:44+00:00\",\"breadcrumb\":{\"@id\":\"https:\\\/\\\/surf4-you.com\\\/en\\\/termos-de-servico\\\/#breadcrumb\"},\"inLanguage\":\"en-GB\",\"potentialAction\":[{\"@type\":\"ReadAction\",\"target\":[\"https:\\\/\\\/surf4-you.com\\\/en\\\/termos-de-servico\\\/\"]}]},{\"@type\":\"BreadcrumbList\",\"@id\":\"https:\\\/\\\/surf4-you.com\\\/en\\\/termos-de-servico\\\/#breadcrumb\",\"itemListElement\":[{\"@type\":\"ListItem\",\"position\":1,\"name\":\"In\u00edcio\",\"item\":\"https:\\\/\\\/surf4-you.com\\\/en\\\/\"},{\"@type\":\"ListItem\",\"position\":2,\"name\":\"Termos de Servi\u00e7o\"}]},{\"@type\":\"WebSite\",\"@id\":\"https:\\\/\\\/surf4-you.com\\\/en\\\/#website\",\"url\":\"https:\\\/\\\/surf4-you.com\\\/en\\\/\",\"name\":\"Surf4 You\",\"description\":\"\",\"publisher\":{\"@id\":\"https:\\\/\\\/surf4-you.com\\\/en\\\/#organization\"},\"potentialAction\":[{\"@type\":\"SearchAction\",\"target\":{\"@type\":\"EntryPoint\",\"urlTemplate\":\"https:\\\/\\\/surf4-you.com\\\/en\\\/?s={search_term_string}\"},\"query-input\":{\"@type\":\"PropertyValueSpecification\",\"valueRequired\":true,\"valueName\":\"search_term_string\"}}],\"inLanguage\":\"en-GB\"},{\"@type\":\"Organization\",\"@id\":\"https:\\\/\\\/surf4-you.com\\\/en\\\/#organization\",\"name\":\"Surf4 You\",\"url\":\"https:\\\/\\\/surf4-you.com\\\/en\\\/\",\"logo\":{\"@type\":\"ImageObject\",\"inLanguage\":\"en-GB\",\"@id\":\"https:\\\/\\\/surf4-you.com\\\/en\\\/#\\\/schema\\\/logo\\\/image\\\/\",\"url\":\"https:\\\/\\\/surf4-you.com\\\/wp-content\\\/uploads\\\/2021\\\/11\\\/surf4you-seo.png\",\"contentUrl\":\"https:\\\/\\\/surf4-you.com\\\/wp-content\\\/uploads\\\/2021\\\/11\\\/surf4you-seo.png\",\"width\":1200,\"height\":630,\"caption\":\"Surf4 You\"},\"image\":{\"@id\":\"https:\\\/\\\/surf4-you.com\\\/en\\\/#\\\/schema\\\/logo\\\/image\\\/\"}}]}<\/script>\r\n<!-- \/ Yoast SEO plugin. -->","yoast_head_json":{"title":"Termos de Servi\u00e7o | Surf4 You","robots":{"index":"noindex","follow":"follow"},"og_locale":"en_GB","og_type":"article","og_title":"Termos de Servi\u00e7o | Surf4 You","og_description":"Termos de Servi\u00e7o 1. Surf4 You \u2013 Sess\u00f5es de Surf 1.1. Enquanto estiver a utilizar o nosso equipamento (fato isot\u00e9rmico e prancha de surf), o cliente compromete-se a us\u00e1-lo com cuidado. A Surf4 You n\u00e3o assume qualquer responsabilidade por qualquer preju\u00edzo, dano, morte, danos, perdas ou despesas incorridas pelo cliente e\/ou a terceiros devido a [&hellip;]","og_url":"https:\/\/surf4-you.com\/en\/termos-de-servico\/","og_site_name":"Surf4 You","article_modified_time":"2021-11-30T10:05:44+00:00","og_image":[{"width":1200,"height":630,"url":"https:\/\/surf4-you.com\/wp-content\/uploads\/2021\/11\/surf4you-seo.png","type":"image\/png"}],"twitter_card":"summary_large_image","twitter_misc":{"Estimated reading time":"4 minutes"},"schema":{"@context":"https:\/\/schema.org","@graph":[{"@type":"WebPage","@id":"https:\/\/surf4-you.com\/en\/termos-de-servico\/","url":"https:\/\/surf4-you.com\/en\/termos-de-servico\/","name":"Termos de Servi\u00e7o | Surf4 You","isPartOf":{"@id":"https:\/\/surf4-you.com\/en\/#website"},"datePublished":"2021-10-29T16:27:06+00:00","dateModified":"2021-11-30T10:05:44+00:00","breadcrumb":{"@id":"https:\/\/surf4-you.com\/en\/termos-de-servico\/#breadcrumb"},"inLanguage":"en-GB","potentialAction":[{"@type":"ReadAction","target":["https:\/\/surf4-you.com\/en\/termos-de-servico\/"]}]},{"@type":"BreadcrumbList","@id":"https:\/\/surf4-you.com\/en\/termos-de-servico\/#breadcrumb","itemListElement":[{"@type":"ListItem","position":1,"name":"In\u00edcio","item":"https:\/\/surf4-you.com\/en\/"},{"@type":"ListItem","position":2,"name":"Termos de Servi\u00e7o"}]},{"@type":"WebSite","@id":"https:\/\/surf4-you.com\/en\/#website","url":"https:\/\/surf4-you.com\/en\/","name":"Surf4 You","description":"","publisher":{"@id":"https:\/\/surf4-you.com\/en\/#organization"},"potentialAction":[{"@type":"SearchAction","target":{"@type":"EntryPoint","urlTemplate":"https:\/\/surf4-you.com\/en\/?s={search_term_string}"},"query-input":{"@type":"PropertyValueSpecification","valueRequired":true,"valueName":"search_term_string"}}],"inLanguage":"en-GB"},{"@type":"Organization","@id":"https:\/\/surf4-you.com\/en\/#organization","name":"Surf4 You","url":"https:\/\/surf4-you.com\/en\/","logo":{"@type":"ImageObject","inLanguage":"en-GB","@id":"https:\/\/surf4-you.com\/en\/#\/schema\/logo\/image\/","url":"https:\/\/surf4-you.com\/wp-content\/uploads\/2021\/11\/surf4you-seo.png","contentUrl":"https:\/\/surf4-you.com\/wp-content\/uploads\/2021\/11\/surf4you-seo.png","width":1200,"height":630,"caption":"Surf4 You"},"image":{"@id":"https:\/\/surf4-you.com\/en\/#\/schema\/logo\/image\/"}}]}},"_links":{"self":[{"href":"https:\/\/surf4-you.com\/en\/wp-json\/wp\/v2\/pages\/834","targetHints":{"allow":["GET"]}}],"collection":[{"href":"https:\/\/surf4-you.com\/en\/wp-json\/wp\/v2\/pages"}],"about":[{"href":"https:\/\/surf4-you.com\/en\/wp-json\/wp\/v2\/types\/page"}],"author":[{"embeddable":true,"href":"https:\/\/surf4-you.com\/en\/wp-json\/wp\/v2\/users\/1"}],"replies":[{"embeddable":true,"href":"https:\/\/surf4-you.com\/en\/wp-json\/wp\/v2\/comments?post=834"}],"version-history":[{"count":12,"href":"https:\/\/surf4-you.com\/en\/wp-json\/wp\/v2\/pages\/834\/revisions"}],"predecessor-version":[{"id":2154,"href":"https:\/\/surf4-you.com\/en\/wp-json\/wp\/v2\/pages\/834\/revisions\/2154"}],"wp:attachment":[{"href":"https:\/\/surf4-you.com\/en\/wp-json\/wp\/v2\/media?parent=834"}],"curies":[{"name":"wp","href":"https:\/\/api.w.org\/{rel}","templated":true}]}}