{"id":836,"date":"2021-10-29T16:27:30","date_gmt":"2021-10-29T16:27:30","guid":{"rendered":"http:\/\/localhost\/?page_id=836"},"modified":"2021-11-30T10:06:40","modified_gmt":"2021-11-30T10:06:40","slug":"politica-de-privacidade","status":"publish","type":"page","link":"https:\/\/surf4-you.com\/en\/politica-de-privacidade\/","title":{"rendered":"Privacy Policy"},"content":{"rendered":"<div data-elementor-type=\"wp-page\" data-elementor-id=\"836\" class=\"elementor elementor-836\">\n\t\t\t\t\t\t<section class=\"elementor-section elementor-top-section elementor-element elementor-element-50fa240b elementor-section-height-min-height elementor-hidden-desktop elementor-hidden-tablet elementor-hidden-mobile elementor-section-boxed elementor-section-height-default elementor-section-items-middle\" data-id=\"50fa240b\" data-element_type=\"section\">\n\t\t\t\t\t\t<div class=\"elementor-container elementor-column-gap-default\">\n\t\t\t\t\t<div class=\"elementor-column elementor-col-100 elementor-top-column elementor-element elementor-element-18320c09\" data-id=\"18320c09\" data-element_type=\"column\">\n\t\t\t<div class=\"elementor-widget-wrap elementor-element-populated\">\n\t\t\t\t\t\t<div class=\"elementor-element elementor-element-68a26a77 elementor-widget elementor-widget-menu-anchor\" data-id=\"68a26a77\" data-element_type=\"widget\" data-widget_type=\"menu-anchor.default\">\n\t\t\t\t<div class=\"elementor-widget-container\">\n\t\t\t\t\t\t\t<div class=\"elementor-menu-anchor\" id=\"top-of-page\"><\/div>\n\t\t\t\t\t\t<\/div>\n\t\t\t\t<\/div>\n\t\t\t\t\t<\/div>\n\t\t<\/div>\n\t\t\t\t\t<\/div>\n\t\t<\/section>\n\t\t\t\t<section class=\"elementor-section elementor-top-section elementor-element elementor-element-1900fec0 elementor-section-full_width animated-slow elementor-section-height-default elementor-section-height-default elementor-invisible\" data-id=\"1900fec0\" data-element_type=\"section\" data-settings=\"{&quot;animation&quot;:&quot;fadeIn&quot;}\">\n\t\t\t\t\t\t<div class=\"elementor-container elementor-column-gap-default\">\n\t\t\t\t\t<div class=\"elementor-column elementor-col-100 elementor-top-column elementor-element elementor-element-11509ef4\" data-id=\"11509ef4\" data-element_type=\"column\">\n\t\t\t<div class=\"elementor-widget-wrap elementor-element-populated\">\n\t\t\t\t\t\t<div class=\"elementor-element elementor-element-54618cc2 elementor-widget elementor-widget-heading\" data-id=\"54618cc2\" data-element_type=\"widget\" data-widget_type=\"heading.default\">\n\t\t\t\t<div class=\"elementor-widget-container\">\n\t\t\t\t\t<h2 class=\"elementor-heading-title elementor-size-default\">Privacy Policy<\/h2>\t\t\t\t<\/div>\n\t\t\t\t<\/div>\n\t\t\t\t<div class=\"elementor-element elementor-element-548b75a9 elementor-widget-divider--view-line elementor-widget elementor-widget-divider\" data-id=\"548b75a9\" data-element_type=\"widget\" data-widget_type=\"divider.default\">\n\t\t\t\t<div class=\"elementor-widget-container\">\n\t\t\t\t\t\t\t<div class=\"elementor-divider\">\n\t\t\t<span class=\"elementor-divider-separator\">\n\t\t\t\t\t\t<\/span>\n\t\t<\/div>\n\t\t\t\t\t\t<\/div>\n\t\t\t\t<\/div>\n\t\t\t\t<div class=\"elementor-element elementor-element-576820d6 elementor-widget elementor-widget-spacer\" data-id=\"576820d6\" data-element_type=\"widget\" data-widget_type=\"spacer.default\">\n\t\t\t\t<div class=\"elementor-widget-container\">\n\t\t\t\t\t\t\t<div class=\"elementor-spacer\">\n\t\t\t<div class=\"elementor-spacer-inner\"><\/div>\n\t\t<\/div>\n\t\t\t\t\t\t<\/div>\n\t\t\t\t<\/div>\n\t\t\t\t<section class=\"elementor-section elementor-inner-section elementor-element elementor-element-1a148167 elementor-section-full_width elementor-section-height-default elementor-section-height-default\" data-id=\"1a148167\" data-element_type=\"section\">\n\t\t\t\t\t\t<div class=\"elementor-container elementor-column-gap-default\">\n\t\t\t\t\t<div class=\"elementor-column elementor-col-100 elementor-inner-column elementor-element elementor-element-286d26c3\" data-id=\"286d26c3\" data-element_type=\"column\">\n\t\t\t<div class=\"elementor-widget-wrap elementor-element-populated\">\n\t\t\t\t\t\t<div class=\"elementor-element elementor-element-1232917d elementor-widget elementor-widget-text-editor\" data-id=\"1232917d\" data-element_type=\"widget\" data-widget_type=\"text-editor.default\">\n\t\t\t\t<div class=\"elementor-widget-container\">\n\t\t\t\t\t<style>.elementor-element-1232917d{display:none !important}<\/style>\t\t\t\t<\/div>\n\t\t\t\t<\/div>\n\t\t\t\t<div class=\"elementor-element elementor-element-dde8d1b elementor-widget elementor-widget-text-editor\" data-id=\"dde8d1b\" data-element_type=\"widget\" data-widget_type=\"text-editor.default\">\n\t\t\t\t<div class=\"elementor-widget-container\">\n\t\t\t\t\t\t\t\t\t<p>The present information only serves to user\u00b4s direct information being it\u00b4s use their exclusive responsibility. Surf4 You, without prejudice to compliance with the rules of data protection, reserves the right to make changes and corrections, suspend, discontinue or terminate the site when it deems appropriate, without prior notice and for such period as finds it necessary, for any technical reasons, administrative, of force majeure or other, cannot be held responsible by such. Surf4 You cannot be responsible or become liable by hyperlinks in their service to third party websites. These links are solely provided for the convenience and user accessibility, not being Surf4 You responsible for the content of these third party sites, being the access and visit user\u00b4s responsibility.<\/p><p>Surf4 You still is not responsible for the privacy policies of third party websites. Any existing links do not imply acceptance of their contents nor an association with their owners by the Surf4 You. Surf4 You can update the terms of use and privacy policy, following the changes resulting from technological advances and development of the Internet, well as legislative changes in this area.<\/p><p>The Surf4 You assumes no responsibility or liability for any actions or content transmitted by or between the user and or any third party or off this site and although alerted to editorial content, neither exerts nor can exercise control over all messages. The Surf4 You is not responsible nor can be held responsible for the veracity and accuracy of the information or content made directly by the user which will then be of his own responsibility. The user agrees not to transmit to this site any unlawful, threatening, insulting, racist, discriminatory, libelous, defamatory, harassing, obscene, scandalous or pornographic content, or any other content that could constitute or encourage conduct that appeals to violence and unlawful acts, reserving the right to delete any messages with this content.<\/p><p>The user also commits itself not to make any transactions that may hinder the functioning of the discussion areas of the site or access an area \/ account and their content without the respective permission, test, evaluate or break the vulnerability of installed security, install or try to install viruses or programs that may damage and \/ or contaminate, trigger or trying to trigger attacks of the \u201cdenial of service\u201d or advise others to do so.<\/p><p>The user agrees not to post messages of advertising content (except in cases expressly authorized by Surf4 You, which case the user is obliged to comply with the legislation in place, namely the Code of Advertisement) or their own promotion.<\/p><p>The use of the site for illegal purposes or any other purpose which might be considered prejudicial to the image of Surf4 You are expressly forbidden. The disregard for ethical rules and use of good manners imply untying the user of those services, being the usurpation, counterfeiting, the use of counterfeit or usurped content, unlawful identification and unfair competition punished under the law in place. The Surf4 You will fully cooperate with any authorities for law enforcement or court decision requesting or order to disclose the identity or help in identifying or locating any person transmitting such content. The user will be held responsible for non-compliance of the Terms of Use of this site according to civil and criminal legislation.<\/p><p>Surf4 You may, on the basis of participation or communication, examine whether the content transmitted to this Site by any user is violating the terms and conditions and determine its removal. Users of this site agree to defend, indemnify and hold harmless Surf4 You of and against any claim or demand by any third party, as well as all liabilities, damage, costs and associated expenses (including, without limitation, reasonable attorneys\u2019 fees) resulting and \/ or related to use of this site by the user, content from the user transmitted to this site, user violation of any rights of third parties and \/ or breach by the user of these Terms of Use.<\/p>\t\t\t\t\t\t\t\t<\/div>\n\t\t\t\t<\/div>\n\t\t\t\t\t<\/div>\n\t\t<\/div>\n\t\t\t\t\t<\/div>\n\t\t<\/section>\n\t\t\t\t\t<\/div>\n\t\t<\/div>\n\t\t\t\t\t<\/div>\n\t\t<\/section>\n\t\t\t\t<\/div>","protected":false},"excerpt":{"rendered":"<p>Pol\u00edtica de Privacidade A informa\u00e7\u00e3o presente serve exclusivamente para informa\u00e7\u00e3o direta do utente, sendo a sua utiliza\u00e7\u00e3o de sua exclusiva responsabilidade. A Surf4 You, sem preju\u00edzo do cumprimento das regras de prote\u00e7\u00e3o de dados pessoais, reserva-se o direito de realizar altera\u00e7\u00f5es e corre\u00e7\u00f5es, suspender, interromper ou encerrar o site quando o considerar apropriado, sem necessidade [&hellip;]<\/p>","protected":false},"author":1,"featured_media":0,"parent":0,"menu_order":999,"comment_status":"closed","ping_status":"closed","template":"elementor_header_footer","meta":{"_monsterinsights_skip_tracking":false,"_monsterinsights_sitenote_active":false,"_monsterinsights_sitenote_note":"","_monsterinsights_sitenote_category":0,"footnotes":""},"class_list":["post-836","page","type-page","status-publish","hentry"],"yoast_head":"<!-- This site is optimized with the Yoast SEO plugin v27.4 - https:\/\/yoast.com\/product\/yoast-seo-wordpress\/ -->\r\n<title>Pol\u00edtica de Privacidade | Surf4 You<\/title>\r\n<meta name=\"robots\" content=\"noindex, follow\" \/>\r\n<meta property=\"og:locale\" content=\"en_GB\" \/>\r\n<meta property=\"og:type\" content=\"article\" \/>\r\n<meta property=\"og:title\" content=\"Pol\u00edtica de Privacidade | Surf4 You\" \/>\r\n<meta property=\"og:description\" content=\"Pol\u00edtica de Privacidade A informa\u00e7\u00e3o presente serve exclusivamente para informa\u00e7\u00e3o direta do utente, sendo a sua utiliza\u00e7\u00e3o de sua exclusiva responsabilidade. A Surf4 You, sem preju\u00edzo do cumprimento das regras de prote\u00e7\u00e3o de dados pessoais, reserva-se o direito de realizar altera\u00e7\u00f5es e corre\u00e7\u00f5es, suspender, interromper ou encerrar o site quando o considerar apropriado, sem necessidade [&hellip;]\" \/>\r\n<meta property=\"og:url\" content=\"https:\/\/surf4-you.com\/en\/politica-de-privacidade\/\" \/>\r\n<meta property=\"og:site_name\" content=\"Surf4 You\" \/>\r\n<meta property=\"article:modified_time\" content=\"2021-11-30T10:06:40+00:00\" \/>\r\n<meta property=\"og:image\" content=\"https:\/\/surf4-you.com\/wp-content\/uploads\/2021\/11\/surf4you-seo.png\" \/>\r\n\t<meta property=\"og:image:width\" content=\"1200\" \/>\r\n\t<meta property=\"og:image:height\" content=\"630\" \/>\r\n\t<meta property=\"og:image:type\" content=\"image\/png\" \/>\r\n<meta name=\"twitter:card\" content=\"summary_large_image\" \/>\r\n<meta name=\"twitter:label1\" content=\"Estimated reading time\" \/>\n\t<meta name=\"twitter:data1\" content=\"6 minutes\" \/>\r\n<script type=\"application\/ld+json\" class=\"yoast-schema-graph\">{\"@context\":\"https:\\\/\\\/schema.org\",\"@graph\":[{\"@type\":\"WebPage\",\"@id\":\"https:\\\/\\\/surf4-you.com\\\/en\\\/politica-de-privacidade\\\/\",\"url\":\"https:\\\/\\\/surf4-you.com\\\/en\\\/politica-de-privacidade\\\/\",\"name\":\"Pol\u00edtica de Privacidade | Surf4 You\",\"isPartOf\":{\"@id\":\"https:\\\/\\\/surf4-you.com\\\/en\\\/#website\"},\"datePublished\":\"2021-10-29T16:27:30+00:00\",\"dateModified\":\"2021-11-30T10:06:40+00:00\",\"breadcrumb\":{\"@id\":\"https:\\\/\\\/surf4-you.com\\\/en\\\/politica-de-privacidade\\\/#breadcrumb\"},\"inLanguage\":\"en-GB\",\"potentialAction\":[{\"@type\":\"ReadAction\",\"target\":[\"https:\\\/\\\/surf4-you.com\\\/en\\\/politica-de-privacidade\\\/\"]}]},{\"@type\":\"BreadcrumbList\",\"@id\":\"https:\\\/\\\/surf4-you.com\\\/en\\\/politica-de-privacidade\\\/#breadcrumb\",\"itemListElement\":[{\"@type\":\"ListItem\",\"position\":1,\"name\":\"In\u00edcio\",\"item\":\"https:\\\/\\\/surf4-you.com\\\/en\\\/\"},{\"@type\":\"ListItem\",\"position\":2,\"name\":\"Pol\u00edtica de Privacidade\"}]},{\"@type\":\"WebSite\",\"@id\":\"https:\\\/\\\/surf4-you.com\\\/en\\\/#website\",\"url\":\"https:\\\/\\\/surf4-you.com\\\/en\\\/\",\"name\":\"Surf4 You\",\"description\":\"\",\"publisher\":{\"@id\":\"https:\\\/\\\/surf4-you.com\\\/en\\\/#organization\"},\"potentialAction\":[{\"@type\":\"SearchAction\",\"target\":{\"@type\":\"EntryPoint\",\"urlTemplate\":\"https:\\\/\\\/surf4-you.com\\\/en\\\/?s={search_term_string}\"},\"query-input\":{\"@type\":\"PropertyValueSpecification\",\"valueRequired\":true,\"valueName\":\"search_term_string\"}}],\"inLanguage\":\"en-GB\"},{\"@type\":\"Organization\",\"@id\":\"https:\\\/\\\/surf4-you.com\\\/en\\\/#organization\",\"name\":\"Surf4 You\",\"url\":\"https:\\\/\\\/surf4-you.com\\\/en\\\/\",\"logo\":{\"@type\":\"ImageObject\",\"inLanguage\":\"en-GB\",\"@id\":\"https:\\\/\\\/surf4-you.com\\\/en\\\/#\\\/schema\\\/logo\\\/image\\\/\",\"url\":\"https:\\\/\\\/surf4-you.com\\\/wp-content\\\/uploads\\\/2021\\\/11\\\/surf4you-seo.png\",\"contentUrl\":\"https:\\\/\\\/surf4-you.com\\\/wp-content\\\/uploads\\\/2021\\\/11\\\/surf4you-seo.png\",\"width\":1200,\"height\":630,\"caption\":\"Surf4 You\"},\"image\":{\"@id\":\"https:\\\/\\\/surf4-you.com\\\/en\\\/#\\\/schema\\\/logo\\\/image\\\/\"}}]}<\/script>\r\n<!-- \/ Yoast SEO plugin. -->","yoast_head_json":{"title":"Pol\u00edtica de Privacidade | Surf4 You","robots":{"index":"noindex","follow":"follow"},"og_locale":"en_GB","og_type":"article","og_title":"Pol\u00edtica de Privacidade | Surf4 You","og_description":"Pol\u00edtica de Privacidade A informa\u00e7\u00e3o presente serve exclusivamente para informa\u00e7\u00e3o direta do utente, sendo a sua utiliza\u00e7\u00e3o de sua exclusiva responsabilidade. A Surf4 You, sem preju\u00edzo do cumprimento das regras de prote\u00e7\u00e3o de dados pessoais, reserva-se o direito de realizar altera\u00e7\u00f5es e corre\u00e7\u00f5es, suspender, interromper ou encerrar o site quando o considerar apropriado, sem necessidade [&hellip;]","og_url":"https:\/\/surf4-you.com\/en\/politica-de-privacidade\/","og_site_name":"Surf4 You","article_modified_time":"2021-11-30T10:06:40+00:00","og_image":[{"width":1200,"height":630,"url":"https:\/\/surf4-you.com\/wp-content\/uploads\/2021\/11\/surf4you-seo.png","type":"image\/png"}],"twitter_card":"summary_large_image","twitter_misc":{"Estimated reading time":"6 minutes"},"schema":{"@context":"https:\/\/schema.org","@graph":[{"@type":"WebPage","@id":"https:\/\/surf4-you.com\/en\/politica-de-privacidade\/","url":"https:\/\/surf4-you.com\/en\/politica-de-privacidade\/","name":"Pol\u00edtica de Privacidade | Surf4 You","isPartOf":{"@id":"https:\/\/surf4-you.com\/en\/#website"},"datePublished":"2021-10-29T16:27:30+00:00","dateModified":"2021-11-30T10:06:40+00:00","breadcrumb":{"@id":"https:\/\/surf4-you.com\/en\/politica-de-privacidade\/#breadcrumb"},"inLanguage":"en-GB","potentialAction":[{"@type":"ReadAction","target":["https:\/\/surf4-you.com\/en\/politica-de-privacidade\/"]}]},{"@type":"BreadcrumbList","@id":"https:\/\/surf4-you.com\/en\/politica-de-privacidade\/#breadcrumb","itemListElement":[{"@type":"ListItem","position":1,"name":"In\u00edcio","item":"https:\/\/surf4-you.com\/en\/"},{"@type":"ListItem","position":2,"name":"Pol\u00edtica de Privacidade"}]},{"@type":"WebSite","@id":"https:\/\/surf4-you.com\/en\/#website","url":"https:\/\/surf4-you.com\/en\/","name":"Surf4 You","description":"","publisher":{"@id":"https:\/\/surf4-you.com\/en\/#organization"},"potentialAction":[{"@type":"SearchAction","target":{"@type":"EntryPoint","urlTemplate":"https:\/\/surf4-you.com\/en\/?s={search_term_string}"},"query-input":{"@type":"PropertyValueSpecification","valueRequired":true,"valueName":"search_term_string"}}],"inLanguage":"en-GB"},{"@type":"Organization","@id":"https:\/\/surf4-you.com\/en\/#organization","name":"Surf4 You","url":"https:\/\/surf4-you.com\/en\/","logo":{"@type":"ImageObject","inLanguage":"en-GB","@id":"https:\/\/surf4-you.com\/en\/#\/schema\/logo\/image\/","url":"https:\/\/surf4-you.com\/wp-content\/uploads\/2021\/11\/surf4you-seo.png","contentUrl":"https:\/\/surf4-you.com\/wp-content\/uploads\/2021\/11\/surf4you-seo.png","width":1200,"height":630,"caption":"Surf4 You"},"image":{"@id":"https:\/\/surf4-you.com\/en\/#\/schema\/logo\/image\/"}}]}},"_links":{"self":[{"href":"https:\/\/surf4-you.com\/en\/wp-json\/wp\/v2\/pages\/836","targetHints":{"allow":["GET"]}}],"collection":[{"href":"https:\/\/surf4-you.com\/en\/wp-json\/wp\/v2\/pages"}],"about":[{"href":"https:\/\/surf4-you.com\/en\/wp-json\/wp\/v2\/types\/page"}],"author":[{"embeddable":true,"href":"https:\/\/surf4-you.com\/en\/wp-json\/wp\/v2\/users\/1"}],"replies":[{"embeddable":true,"href":"https:\/\/surf4-you.com\/en\/wp-json\/wp\/v2\/comments?post=836"}],"version-history":[{"count":12,"href":"https:\/\/surf4-you.com\/en\/wp-json\/wp\/v2\/pages\/836\/revisions"}],"predecessor-version":[{"id":2157,"href":"https:\/\/surf4-you.com\/en\/wp-json\/wp\/v2\/pages\/836\/revisions\/2157"}],"wp:attachment":[{"href":"https:\/\/surf4-you.com\/en\/wp-json\/wp\/v2\/media?parent=836"}],"curies":[{"name":"wp","href":"https:\/\/api.w.org\/{rel}","templated":true}]}}